{"id":10927,"date":"2019-06-03T03:34:07","date_gmt":"2019-06-03T03:34:07","guid":{"rendered":"http:\/\/dev.thimpress.eduma.com\/demo-el-instructor\/?page_id=10927"},"modified":"2026-04-25T15:51:15","modified_gmt":"2026-04-25T18:51:15","slug":"home-el","status":"publish","type":"page","link":"https:\/\/ramirobaron.com.ar\/formacion\/","title":{"rendered":"Home El"},"content":{"rendered":"\t\t<div data-elementor-type=\"wp-page\" data-elementor-id=\"10927\" class=\"elementor elementor-10927\">\n\t\t\t\t<div class=\"elementor-element elementor-element-361a794 e-flex e-con-boxed e-con e-parent\" data-id=\"361a794\" data-element_type=\"container\" data-e-type=\"container\" data-settings=\"{&quot;background_background&quot;:&quot;video&quot;,&quot;background_video_link&quot;:&quot;https:\\\/\\\/youtu.be\\\/zxc-tDD_Eok&quot;,&quot;background_play_on_mobile&quot;:&quot;yes&quot;}\">\n\t\t\t\t\t<div class=\"e-con-inner\">\n\t\t<div class=\"elementor-background-video-container\">\n\t\t\t\t\t\t\t<div class=\"elementor-background-video-embed\" role=\"presentation\"><\/div>\n\t\t\t\t\t\t<\/div>\t\t\t<\/div>\n\t\t\t\t<\/div>\n\t\t\t\t<section class=\"elementor-section elementor-top-section elementor-element elementor-element-2c071e4 elementor-section-stretched elementor-section-boxed elementor-section-height-default elementor-section-height-default\" data-id=\"2c071e4\" data-element_type=\"section\" data-e-type=\"section\" data-settings=\"{&quot;stretch_section&quot;:&quot;section-stretched&quot;,&quot;background_background&quot;:&quot;classic&quot;}\">\n\t\t\t\t\t\t<div class=\"elementor-container elementor-column-gap-custom\">\n\t\t\t\t\t<div class=\"elementor-column elementor-col-100 elementor-top-column elementor-element elementor-element-ee30a93\" data-id=\"ee30a93\" data-element_type=\"column\" data-e-type=\"column\">\n\t\t\t<div class=\"elementor-widget-wrap elementor-element-populated\">\n\t\t\t\t\t\t<div class=\"elementor-element elementor-element-ed42e60 thim-ekits-heading-text-center elementor-widget thim-ekits-heading elementor-widget-thim-heading\" data-id=\"ed42e60\" data-element_type=\"widget\" data-e-type=\"widget\" data-widget_type=\"thim-heading.default\">\n\t\t\t\t<div class=\"elementor-widget-container\">\n\t\t\t\t\t<div class=\"sc_heading text-center\"><h2 class=\"title\">CAPACITACIONES <\/h2><div class=\"sub-heading\"><p>Descubr\u00ed la oportunidad de entrenar tus aptitudes estrat\u00e9gicas con estas propuestas:<br \/>\nMen\u00fa desplegable con<\/p>\n<\/div><\/div>\t\t\t\t<\/div>\n\t\t\t\t<\/div>\n\t\t\t\t<div class=\"elementor-element elementor-element-3f62f2d thim-ekits-avatar-position-top elementor-widget elementor-widget-thim-ekits-list-course\" data-id=\"3f62f2d\" data-element_type=\"widget\" data-e-type=\"widget\" data-settings=\"{&quot;column_gap&quot;:{&quot;unit&quot;:&quot;px&quot;,&quot;size&quot;:30,&quot;sizes&quot;:[]},&quot;column_gap_tablet&quot;:{&quot;unit&quot;:&quot;px&quot;,&quot;size&quot;:&quot;&quot;,&quot;sizes&quot;:[]},&quot;column_gap_mobile&quot;:{&quot;unit&quot;:&quot;px&quot;,&quot;size&quot;:&quot;&quot;,&quot;sizes&quot;:[]}}\" data-widget_type=\"thim-ekits-list-course.default\">\n\t\t\t\t<div class=\"elementor-widget-container\">\n\t\t\t\t\t<div class=\"message-info\">No data were found matching your selection, you need to create Post or select Category of Widget.<\/div>\t\t\t\t<\/div>\n\t\t\t\t<\/div>\n\t\t\t\t<div class=\"elementor-element elementor-element-b40e458 elementor-align-center elementor-widget elementor-widget-button\" data-id=\"b40e458\" data-element_type=\"widget\" data-e-type=\"widget\" data-widget_type=\"button.default\">\n\t\t\t\t\t\t\t\t\t\t<a class=\"elementor-button elementor-button-link elementor-size-md\" href=\"https:\/\/ramirobaron.com.ar\/formacion\/cursos\/\">\n\t\t\t\t\t\t<span class=\"elementor-button-content-wrapper\">\n\t\t\t\t\t\t\t\t\t<span class=\"elementor-button-text\">VER M\u00c1S<\/span>\n\t\t\t\t\t<\/span>\n\t\t\t\t\t<\/a>\n\t\t\t\t\t\t\t\t<\/div>\n\t\t\t\t\t<\/div>\n\t\t<\/div>\n\t\t\t\t\t<\/div>\n\t\t<\/section>\n\t\t<div class=\"elementor-element elementor-element-fc3341c e-flex e-con-boxed e-con e-parent\" data-id=\"fc3341c\" data-element_type=\"container\" data-e-type=\"container\">\n\t\t\t\t\t<div class=\"e-con-inner\">\n\t\t\t\t<div class=\"elementor-element elementor-element-1b24cb4 elementor-widget elementor-widget-thim-ekits-list-product\" data-id=\"1b24cb4\" data-element_type=\"widget\" data-e-type=\"widget\" data-settings=\"{&quot;slider_mobile_autoplay&quot;:&quot;no&quot;}\" data-widget_type=\"thim-ekits-list-product.default\">\n\t\t\t\t<div class=\"elementor-widget-container\">\n\t\t\t\t\t\t\t\t<div class=\"thim-ekits-product woocommerce\">\r\n\t\t\t\t<div class=\"thim-ekits-product__inner thim-ekits-mobile-sliders\">\r\n\t\t\t\t\t\t\t\t\t\t\t<div class=\"thim-ekits-product__item product type-product post-29814 status-publish first instock product_cat-libros has-post-thumbnail shipping-taxable purchasable product-type-simple\">\r\n\t\t\t\t\t\t\t<img fetchpriority=\"high\" decoding=\"async\" width=\"300\" height=\"300\" src=\"https:\/\/ramirobaron.com.ar\/formacion\/wp-content\/uploads\/2026\/04\/ChatGPT-Image-27-abr-2026-22_59_21-300x300.webp\" class=\"attachment-woocommerce_thumbnail size-woocommerce_thumbnail\" alt=\"El Poder de las Aptitudes Estrat\u00e9gicas \u2013 Baron, Ramiro\" srcset=\"https:\/\/ramirobaron.com.ar\/formacion\/wp-content\/uploads\/2026\/04\/ChatGPT-Image-27-abr-2026-22_59_21-300x300.webp 300w, https:\/\/ramirobaron.com.ar\/formacion\/wp-content\/uploads\/2026\/04\/ChatGPT-Image-27-abr-2026-22_59_21-150x150.webp 150w, https:\/\/ramirobaron.com.ar\/formacion\/wp-content\/uploads\/2026\/04\/ChatGPT-Image-27-abr-2026-22_59_21-100x100.webp 100w, https:\/\/ramirobaron.com.ar\/formacion\/wp-content\/uploads\/2026\/04\/ChatGPT-Image-27-abr-2026-22_59_21-48x48.webp 48w\" sizes=\"(max-width: 300px) 100vw, 300px\" \/><h2 class=\"woocommerce-loop-product__title\">El Poder de las Aptitudes Estrat\u00e9gicas \u2013 Baron, Ramiro<\/h2>\n\t<span class=\"price\"><span class=\"woocommerce-Price-amount amount\"><bdi><span class=\"woocommerce-Price-currencySymbol\">&#36;<\/span>&nbsp;30.000,00<\/bdi><\/span><\/span>\n<div class=\"star-rating\" role=\"img\" aria-label=\"Valorado con 5.00 de 5\"><span style=\"width:100%\">Valorado con <strong class=\"rating\">5.00<\/strong> de 5<\/span><\/div><\/a><a href=\"\/formacion\/wp-json\/wp\/v2\/pages\/10927?add-to-cart=29814\" aria-describedby=\"woocommerce_loop_add_to_cart_link_describedby_29814\" data-quantity=\"1\" class=\"button product_type_simple add_to_cart_button ajax_add_to_cart\" data-product_id=\"29814\" data-product_sku=\"\" aria-label=\"A\u00f1adir al carrito: &ldquo;El Poder de las Aptitudes Estrat\u00e9gicas \u2013 Baron, Ramiro&rdquo;\" rel=\"nofollow\" data-success_message=\"\u00abEl Poder de las Aptitudes Estrat\u00e9gicas \u2013 Baron, Ramiro\u00bb se ha a\u00f1adido a tu carrito\">A\u00f1adir al carrito<\/a>\t<span id=\"woocommerce_loop_add_to_cart_link_describedby_29814\" class=\"screen-reader-text\">\n\t\t\t<\/span>\n\t\t\t\t\t\t<\/div>\r\n\t\t\t\t\t\t\t\t\t\t<\/div>\r\n\t\t\t<\/div>\r\n\t\t\t\t\t\t\t<\/div>\n\t\t\t\t<\/div>\n\t\t\t\t\t<\/div>\n\t\t\t\t<\/div>\n\t\t\t\t<section class=\"elementor-section elementor-top-section elementor-element elementor-element-fc64a93 elementor-section-stretched elementor-section-boxed elementor-section-height-default elementor-section-height-default\" data-id=\"fc64a93\" data-element_type=\"section\" data-e-type=\"section\" data-settings=\"{&quot;stretch_section&quot;:&quot;section-stretched&quot;}\">\n\t\t\t\t\t\t<div class=\"elementor-container elementor-column-gap-default\">\n\t\t\t\t\t<div class=\"elementor-column elementor-col-33 elementor-top-column elementor-element elementor-element-151a80e\" data-id=\"151a80e\" data-element_type=\"column\" data-e-type=\"column\">\n\t\t\t<div class=\"elementor-widget-wrap elementor-element-populated\">\n\t\t\t\t\t\t<div class=\"elementor-element elementor-element-ae47aff elementor-widget elementor-widget-image\" data-id=\"ae47aff\" data-element_type=\"widget\" data-e-type=\"widget\" data-widget_type=\"image.default\">\n\t\t\t\t\t\t\t\t\t\t\t\t\t\t\t<img decoding=\"async\" width=\"1305\" height=\"1971\" src=\"https:\/\/ramirobaron.com.ar\/formacion\/wp-content\/uploads\/2026\/01\/IMG_7374-2.png\" class=\"attachment-full size-full wp-image-29672\" alt=\"\" srcset=\"https:\/\/ramirobaron.com.ar\/formacion\/wp-content\/uploads\/2026\/01\/IMG_7374-2.png 1305w, https:\/\/ramirobaron.com.ar\/formacion\/wp-content\/uploads\/2026\/01\/IMG_7374-2-199x300.png 199w, https:\/\/ramirobaron.com.ar\/formacion\/wp-content\/uploads\/2026\/01\/IMG_7374-2-678x1024.png 678w, https:\/\/ramirobaron.com.ar\/formacion\/wp-content\/uploads\/2026\/01\/IMG_7374-2-768x1160.png 768w, https:\/\/ramirobaron.com.ar\/formacion\/wp-content\/uploads\/2026\/01\/IMG_7374-2-1017x1536.png 1017w, https:\/\/ramirobaron.com.ar\/formacion\/wp-content\/uploads\/2026\/01\/IMG_7374-2-600x906.png 600w\" sizes=\"(max-width: 1305px) 100vw, 1305px\" \/>\t\t\t\t\t\t\t\t\t\t\t\t\t\t\t<\/div>\n\t\t\t\t\t<\/div>\n\t\t<\/div>\n\t\t\t\t<div class=\"elementor-column elementor-col-33 elementor-top-column elementor-element elementor-element-45fb3d5\" data-id=\"45fb3d5\" data-element_type=\"column\" data-e-type=\"column\">\n\t\t\t<div class=\"elementor-widget-wrap elementor-element-populated\">\n\t\t\t\t\t\t<div class=\"elementor-element elementor-element-2ac2675 elementor-widget elementor-widget-text-editor\" data-id=\"2ac2675\" data-element_type=\"widget\" data-e-type=\"widget\" data-widget_type=\"text-editor.default\">\n\t\t\t\t\t\t\t\t\t<h2 class=\"elementor-heading-title elementor-size-default\">Soy Ramiro Bar\u00f3n<\/h2>\t\t\t\t\t\t\t\t<\/div>\n\t\t\t\t<div class=\"elementor-element elementor-element-12acfe7 elementor-widget elementor-widget-text-editor\" data-id=\"12acfe7\" data-element_type=\"widget\" data-e-type=\"widget\" data-widget_type=\"text-editor.default\">\n\t\t\t\t\t\t\t\t\t<p data-start=\"273\" data-end=\"559\">Durante m\u00e1s de 30 a\u00f1os me dediqu\u00e9 a estudiar c\u00f3mo pensamos, decidimos, sentimos y lideramos. Hoy ayudo a personas, equipos y organizaciones a entrenar su mente, transformar sus creencias y dise\u00f1ar estrategias humanas que generen resultados reales y sostenibles.<\/p><p data-start=\"561\" data-end=\"845\">Creo en el poder de las ideas, pero tambi\u00e9n en el poder de las emociones, la conciencia y la acci\u00f3n. Por eso combino comunicaci\u00f3n, neurociencias, coaching y experiencia empresarial para impulsar procesos de transformaci\u00f3n profunda: de adentro hacia afuera, de la intenci\u00f3n al impacto.<\/p><p data-start=\"847\" data-end=\"999\">Acompa\u00f1o a quienes quieren crecer, pero de verdad. A quienes eligen liderarse primero, para despu\u00e9s liderar con prop\u00f3sito, con claridad y con humanidad.<\/p>\t\t\t\t\t\t\t\t<\/div>\n\t\t\t\t<div class=\"elementor-element elementor-element-506c389 elementor-widget__width-initial elementor-widget elementor-widget-image\" data-id=\"506c389\" data-element_type=\"widget\" data-e-type=\"widget\" data-widget_type=\"image.default\">\n\t\t\t\t\t\t\t\t\t\t\t\t\t\t\t<img decoding=\"async\" width=\"1976\" height=\"601\" src=\"https:\/\/ramirobaron.com.ar\/formacion\/wp-content\/uploads\/2026\/01\/FIRMA-NEGRA.png\" class=\"attachment-full size-full wp-image-29674\" alt=\"\" srcset=\"https:\/\/ramirobaron.com.ar\/formacion\/wp-content\/uploads\/2026\/01\/FIRMA-NEGRA.png 1976w, https:\/\/ramirobaron.com.ar\/formacion\/wp-content\/uploads\/2026\/01\/FIRMA-NEGRA-300x91.png 300w, https:\/\/ramirobaron.com.ar\/formacion\/wp-content\/uploads\/2026\/01\/FIRMA-NEGRA-1024x311.png 1024w, https:\/\/ramirobaron.com.ar\/formacion\/wp-content\/uploads\/2026\/01\/FIRMA-NEGRA-768x234.png 768w, https:\/\/ramirobaron.com.ar\/formacion\/wp-content\/uploads\/2026\/01\/FIRMA-NEGRA-1536x467.png 1536w, https:\/\/ramirobaron.com.ar\/formacion\/wp-content\/uploads\/2026\/01\/FIRMA-NEGRA-600x182.png 600w\" sizes=\"(max-width: 1976px) 100vw, 1976px\" \/>\t\t\t\t\t\t\t\t\t\t\t\t\t\t\t<\/div>\n\t\t\t\t\t<\/div>\n\t\t<\/div>\n\t\t\t\t<div class=\"elementor-column elementor-col-33 elementor-top-column elementor-element elementor-element-80c8cba\" data-id=\"80c8cba\" data-element_type=\"column\" data-e-type=\"column\">\n\t\t\t<div class=\"elementor-widget-wrap elementor-element-populated\">\n\t\t\t\t\t\t<div class=\"elementor-element elementor-element-f266a9f thim-instructor-about elementor-widget thim-counters-box\" data-id=\"f266a9f\" data-element_type=\"widget\" data-e-type=\"widget\" data-widget_type=\"thim-counters-box.default\">\n\t\t\t\t<div class=\"elementor-widget-container\">\n\t\t\t\t\t<div class=\"counter-box home-page counter-icon-inherit\"><div class=\"content-box-percentage\"><div class=\"wrap-percentage\">\n\t\t\t\t\t<div class=\"display-percentage\" data-percentage=\"50\">50<\/div><\/div><div class=\"counter-content-container\"><div class=\"counter-box-content\">CUROS<\/div><\/div><\/div><\/div>\t\t\t\t<\/div>\n\t\t\t\t<\/div>\n\t\t\t\t<div class=\"elementor-element elementor-element-a0f0f6b thim-instructor-about elementor-widget thim-counters-box\" data-id=\"a0f0f6b\" data-element_type=\"widget\" data-e-type=\"widget\" data-widget_type=\"thim-counters-box.default\">\n\t\t\t\t<div class=\"elementor-widget-container\">\n\t\t\t\t\t<div class=\"counter-box home-page counter-icon-inherit\"><div class=\"content-box-percentage\"><div class=\"wrap-percentage\">\n\t\t\t\t\t<div class=\"display-percentage\" data-percentage=\"113\">113<\/div><\/div><div class=\"counter-content-container\"><div class=\"counter-box-content\">TEMAS<\/div><\/div><\/div><\/div>\t\t\t\t<\/div>\n\t\t\t\t<\/div>\n\t\t\t\t<div class=\"elementor-element elementor-element-672f676 thim-instructor-about elementor-widget thim-counters-box\" data-id=\"672f676\" data-element_type=\"widget\" data-e-type=\"widget\" data-widget_type=\"thim-counters-box.default\">\n\t\t\t\t<div class=\"elementor-widget-container\">\n\t\t\t\t\t<div class=\"counter-box home-page counter-icon-inherit\"><div class=\"content-box-percentage\"><div class=\"wrap-percentage\">\n\t\t\t\t\t<div class=\"display-percentage\" data-percentage=\"282\">282<\/div><\/div><div class=\"counter-content-container\"><div class=\"counter-box-content\">ALUMNOS<\/div><\/div><\/div><\/div>\t\t\t\t<\/div>\n\t\t\t\t<\/div>\n\t\t\t\t<div class=\"elementor-element elementor-element-d7fab9b thim-instructor-about  elementor-widget thim-counters-box\" data-id=\"d7fab9b\" data-element_type=\"widget\" data-e-type=\"widget\" data-widget_type=\"thim-counters-box.default\">\n\t\t\t\t<div class=\"elementor-widget-container\">\n\t\t\t\t\t<div class=\"counter-box home-page counter-icon-inherit\"><div class=\"content-box-percentage\"><div class=\"wrap-percentage\">\n\t\t\t\t\t<div class=\"display-percentage\" data-percentage=\"26\">26<\/div><\/div><div class=\"counter-content-container\"><div class=\"counter-box-content\">Video<\/div><\/div><\/div><\/div>\t\t\t\t<\/div>\n\t\t\t\t<\/div>\n\t\t\t\t\t<\/div>\n\t\t<\/div>\n\t\t\t\t\t<\/div>\n\t\t<\/section>\n\t\t\t\t<\/div>\n\t\t","protected":false},"excerpt":{"rendered":"<p>CAPACITACIONES Descubr\u00ed la oportunidad de entrenar tus aptitudes estrat\u00e9gicas con estas propuestas: Men\u00fa desplegable con No data were found matching your selection, you need to create Post or select Category of Widget. VER M\u00c1S El poder de las aptitudes estrat\u00e9gicas &hellip; <\/p>\n","protected":false},"author":2,"featured_media":13187,"parent":0,"menu_order":0,"comment_status":"closed","ping_status":"closed","template":"elementor_header_footer","meta":{"footnotes":""},"class_list":["post-10927","page","type-page","status-publish","has-post-thumbnail","hentry"],"yoast_head":"<!-- This site is optimized with the Yoast SEO Premium plugin v27.1 (Yoast SEO v27.4) - https:\/\/yoast.com\/product\/yoast-seo-premium-wordpress\/ -->\n<title>Home El - Formaci\u00f3n<\/title>\n<meta name=\"robots\" content=\"index, follow, max-snippet:-1, max-image-preview:large, max-video-preview:-1\" \/>\n<link rel=\"canonical\" href=\"https:\/\/ramirobaron.com.ar\/formacion\/\" \/>\n<meta property=\"og:locale\" content=\"es_ES\" \/>\n<meta property=\"og:type\" content=\"article\" \/>\n<meta property=\"og:title\" content=\"Home El\" \/>\n<meta property=\"og:description\" content=\"CAPACITACIONES Descubr\u00ed la oportunidad de entrenar tus aptitudes estrat\u00e9gicas con estas propuestas: Men\u00fa desplegable con No data were found matching your selection, you need to create Post or select Category of Widget. VER M\u00c1S El poder de las aptitudes estrat\u00e9gicas &hellip;\" \/>\n<meta property=\"og:url\" content=\"https:\/\/ramirobaron.com.ar\/formacion\/\" \/>\n<meta property=\"og:site_name\" content=\"Formaci\u00f3n\" \/>\n<meta property=\"article:modified_time\" content=\"2026-04-25T18:51:15+00:00\" \/>\n<meta property=\"og:image\" content=\"https:\/\/ramirobaron.com.ar\/formacion\/wp-content\/uploads\/2023\/11\/eduma-education-wordpress-theme-1200.webp\" \/>\n\t<meta property=\"og:image:width\" content=\"1200\" \/>\n\t<meta property=\"og:image:height\" content=\"628\" \/>\n\t<meta property=\"og:image:type\" content=\"image\/webp\" \/>\n<meta name=\"twitter:card\" content=\"summary_large_image\" \/>\n<meta name=\"twitter:label1\" content=\"Tiempo de lectura\" \/>\n\t<meta name=\"twitter:data1\" content=\"1 minuto\" \/>\n<script type=\"application\/ld+json\" class=\"yoast-schema-graph\">{\"@context\":\"https:\\\/\\\/schema.org\",\"@graph\":[{\"@type\":\"WebPage\",\"@id\":\"https:\\\/\\\/ramirobaron.com.ar\\\/formacion\\\/\",\"url\":\"https:\\\/\\\/ramirobaron.com.ar\\\/formacion\\\/\",\"name\":\"Home El - Formaci\u00f3n\",\"isPartOf\":{\"@id\":\"https:\\\/\\\/ramirobaron.com.ar\\\/formacion\\\/#website\"},\"primaryImageOfPage\":{\"@id\":\"https:\\\/\\\/ramirobaron.com.ar\\\/formacion\\\/#primaryimage\"},\"image\":{\"@id\":\"https:\\\/\\\/ramirobaron.com.ar\\\/formacion\\\/#primaryimage\"},\"thumbnailUrl\":\"https:\\\/\\\/ramirobaron.com.ar\\\/formacion\\\/wp-content\\\/uploads\\\/2023\\\/11\\\/eduma-education-wordpress-theme-1200.webp\",\"datePublished\":\"2019-06-03T03:34:07+00:00\",\"dateModified\":\"2026-04-25T18:51:15+00:00\",\"breadcrumb\":{\"@id\":\"https:\\\/\\\/ramirobaron.com.ar\\\/formacion\\\/#breadcrumb\"},\"inLanguage\":\"es\",\"potentialAction\":[{\"@type\":\"ReadAction\",\"target\":[\"https:\\\/\\\/ramirobaron.com.ar\\\/formacion\\\/\"]}]},{\"@type\":\"ImageObject\",\"inLanguage\":\"es\",\"@id\":\"https:\\\/\\\/ramirobaron.com.ar\\\/formacion\\\/#primaryimage\",\"url\":\"https:\\\/\\\/ramirobaron.com.ar\\\/formacion\\\/wp-content\\\/uploads\\\/2023\\\/11\\\/eduma-education-wordpress-theme-1200.webp\",\"contentUrl\":\"https:\\\/\\\/ramirobaron.com.ar\\\/formacion\\\/wp-content\\\/uploads\\\/2023\\\/11\\\/eduma-education-wordpress-theme-1200.webp\",\"width\":1200,\"height\":628,\"caption\":\"Eduma - Education WordPress Theme\"},{\"@type\":\"BreadcrumbList\",\"@id\":\"https:\\\/\\\/ramirobaron.com.ar\\\/formacion\\\/#breadcrumb\",\"itemListElement\":[{\"@type\":\"ListItem\",\"position\":1,\"name\":\"Portada\",\"item\":\"https:\\\/\\\/ramirobaron.com.ar\\\/formacion\\\/\"},{\"@type\":\"ListItem\",\"position\":2,\"name\":\"Home El\"}]},{\"@type\":\"WebSite\",\"@id\":\"https:\\\/\\\/ramirobaron.com.ar\\\/formacion\\\/#website\",\"url\":\"https:\\\/\\\/ramirobaron.com.ar\\\/formacion\\\/\",\"name\":\"Ramiro Baron\",\"description\":\"Ramiro Bar\u00f3n\",\"publisher\":{\"@id\":\"https:\\\/\\\/ramirobaron.com.ar\\\/formacion\\\/#\\\/schema\\\/person\\\/651fe71e220c9845c391a5a0be4bdb4e\"},\"potentialAction\":[{\"@type\":\"SearchAction\",\"target\":{\"@type\":\"EntryPoint\",\"urlTemplate\":\"https:\\\/\\\/ramirobaron.com.ar\\\/formacion\\\/?s={search_term_string}\"},\"query-input\":{\"@type\":\"PropertyValueSpecification\",\"valueRequired\":true,\"valueName\":\"search_term_string\"}}],\"inLanguage\":\"es\"},{\"@type\":[\"Person\",\"Organization\"],\"@id\":\"https:\\\/\\\/ramirobaron.com.ar\\\/formacion\\\/#\\\/schema\\\/person\\\/651fe71e220c9845c391a5a0be4bdb4e\",\"name\":\"Ramiro Baron\",\"image\":{\"@type\":\"ImageObject\",\"inLanguage\":\"es\",\"@id\":\"https:\\\/\\\/ramirobaron.com.ar\\\/formacion\\\/wp-content\\\/uploads\\\/2026\\\/01\\\/IMG_7374-2-678x1024.png\",\"url\":\"https:\\\/\\\/ramirobaron.com.ar\\\/formacion\\\/wp-content\\\/uploads\\\/2026\\\/01\\\/IMG_7374-2-678x1024.png\",\"contentUrl\":\"https:\\\/\\\/ramirobaron.com.ar\\\/formacion\\\/wp-content\\\/uploads\\\/2026\\\/01\\\/IMG_7374-2-678x1024.png\",\"width\":678,\"height\":1024,\"caption\":\"Ramiro Baron\"},\"logo\":{\"@id\":\"https:\\\/\\\/ramirobaron.com.ar\\\/formacion\\\/wp-content\\\/uploads\\\/2026\\\/01\\\/IMG_7374-2-678x1024.png\"}}]}<\/script>\n<meta property=\"product:price:amount\" content=\"30000.00\" \/>\n<meta property=\"product:price:currency\" content=\"ARS\" \/>\n<meta property=\"og:availability\" content=\"instock\" \/>\n<meta property=\"product:availability\" content=\"instock\" \/>\n<meta property=\"product:condition\" content=\"new\" \/>\n<!-- \/ Yoast SEO Premium plugin. -->","yoast_head_json":{"title":"Home El - Formaci\u00f3n","robots":{"index":"index","follow":"follow","max-snippet":"max-snippet:-1","max-image-preview":"max-image-preview:large","max-video-preview":"max-video-preview:-1"},"canonical":"https:\/\/ramirobaron.com.ar\/formacion\/","og_locale":"es_ES","og_type":"article","og_title":"Home El","og_description":"CAPACITACIONES Descubr\u00ed la oportunidad de entrenar tus aptitudes estrat\u00e9gicas con estas propuestas: Men\u00fa desplegable con No data were found matching your selection, you need to create Post or select Category of Widget. VER M\u00c1S El poder de las aptitudes estrat\u00e9gicas &hellip;","og_url":"https:\/\/ramirobaron.com.ar\/formacion\/","og_site_name":"Formaci\u00f3n","article_modified_time":"2026-04-25T18:51:15+00:00","og_image":[{"width":1200,"height":628,"url":"https:\/\/ramirobaron.com.ar\/formacion\/wp-content\/uploads\/2023\/11\/eduma-education-wordpress-theme-1200.webp","type":"image\/webp"}],"twitter_card":"summary_large_image","twitter_misc":{"Tiempo de lectura":"1 minuto"},"schema":{"@context":"https:\/\/schema.org","@graph":[{"@type":"WebPage","@id":"https:\/\/ramirobaron.com.ar\/formacion\/","url":"https:\/\/ramirobaron.com.ar\/formacion\/","name":"Home El - Formaci\u00f3n","isPartOf":{"@id":"https:\/\/ramirobaron.com.ar\/formacion\/#website"},"primaryImageOfPage":{"@id":"https:\/\/ramirobaron.com.ar\/formacion\/#primaryimage"},"image":{"@id":"https:\/\/ramirobaron.com.ar\/formacion\/#primaryimage"},"thumbnailUrl":"https:\/\/ramirobaron.com.ar\/formacion\/wp-content\/uploads\/2023\/11\/eduma-education-wordpress-theme-1200.webp","datePublished":"2019-06-03T03:34:07+00:00","dateModified":"2026-04-25T18:51:15+00:00","breadcrumb":{"@id":"https:\/\/ramirobaron.com.ar\/formacion\/#breadcrumb"},"inLanguage":"es","potentialAction":[{"@type":"ReadAction","target":["https:\/\/ramirobaron.com.ar\/formacion\/"]}]},{"@type":"ImageObject","inLanguage":"es","@id":"https:\/\/ramirobaron.com.ar\/formacion\/#primaryimage","url":"https:\/\/ramirobaron.com.ar\/formacion\/wp-content\/uploads\/2023\/11\/eduma-education-wordpress-theme-1200.webp","contentUrl":"https:\/\/ramirobaron.com.ar\/formacion\/wp-content\/uploads\/2023\/11\/eduma-education-wordpress-theme-1200.webp","width":1200,"height":628,"caption":"Eduma - Education WordPress Theme"},{"@type":"BreadcrumbList","@id":"https:\/\/ramirobaron.com.ar\/formacion\/#breadcrumb","itemListElement":[{"@type":"ListItem","position":1,"name":"Portada","item":"https:\/\/ramirobaron.com.ar\/formacion\/"},{"@type":"ListItem","position":2,"name":"Home El"}]},{"@type":"WebSite","@id":"https:\/\/ramirobaron.com.ar\/formacion\/#website","url":"https:\/\/ramirobaron.com.ar\/formacion\/","name":"Ramiro Baron","description":"Ramiro Bar\u00f3n","publisher":{"@id":"https:\/\/ramirobaron.com.ar\/formacion\/#\/schema\/person\/651fe71e220c9845c391a5a0be4bdb4e"},"potentialAction":[{"@type":"SearchAction","target":{"@type":"EntryPoint","urlTemplate":"https:\/\/ramirobaron.com.ar\/formacion\/?s={search_term_string}"},"query-input":{"@type":"PropertyValueSpecification","valueRequired":true,"valueName":"search_term_string"}}],"inLanguage":"es"},{"@type":["Person","Organization"],"@id":"https:\/\/ramirobaron.com.ar\/formacion\/#\/schema\/person\/651fe71e220c9845c391a5a0be4bdb4e","name":"Ramiro Baron","image":{"@type":"ImageObject","inLanguage":"es","@id":"https:\/\/ramirobaron.com.ar\/formacion\/wp-content\/uploads\/2026\/01\/IMG_7374-2-678x1024.png","url":"https:\/\/ramirobaron.com.ar\/formacion\/wp-content\/uploads\/2026\/01\/IMG_7374-2-678x1024.png","contentUrl":"https:\/\/ramirobaron.com.ar\/formacion\/wp-content\/uploads\/2026\/01\/IMG_7374-2-678x1024.png","width":678,"height":1024,"caption":"Ramiro Baron"},"logo":{"@id":"https:\/\/ramirobaron.com.ar\/formacion\/wp-content\/uploads\/2026\/01\/IMG_7374-2-678x1024.png"}}]},"product_price_amount":"30000.00","product_price_currency":"ARS","og_availability":"instock","product_availability":"instock","product_condition":"new"},"_links":{"self":[{"href":"https:\/\/ramirobaron.com.ar\/formacion\/wp-json\/wp\/v2\/pages\/10927","targetHints":{"allow":["GET"]}}],"collection":[{"href":"https:\/\/ramirobaron.com.ar\/formacion\/wp-json\/wp\/v2\/pages"}],"about":[{"href":"https:\/\/ramirobaron.com.ar\/formacion\/wp-json\/wp\/v2\/types\/page"}],"author":[{"embeddable":true,"href":"https:\/\/ramirobaron.com.ar\/formacion\/wp-json\/wp\/v2\/users\/2"}],"replies":[{"embeddable":true,"href":"https:\/\/ramirobaron.com.ar\/formacion\/wp-json\/wp\/v2\/comments?post=10927"}],"version-history":[{"count":63,"href":"https:\/\/ramirobaron.com.ar\/formacion\/wp-json\/wp\/v2\/pages\/10927\/revisions"}],"predecessor-version":[{"id":29837,"href":"https:\/\/ramirobaron.com.ar\/formacion\/wp-json\/wp\/v2\/pages\/10927\/revisions\/29837"}],"wp:featuredmedia":[{"embeddable":true,"href":"https:\/\/ramirobaron.com.ar\/formacion\/wp-json\/wp\/v2\/media\/13187"}],"wp:attachment":[{"href":"https:\/\/ramirobaron.com.ar\/formacion\/wp-json\/wp\/v2\/media?parent=10927"}],"curies":[{"name":"wp","href":"https:\/\/api.w.org\/{rel}","templated":true}]}}